{"id":3038,"date":"2025-04-08T03:22:55","date_gmt":"2025-04-08T03:22:55","guid":{"rendered":"https:\/\/vintech.casethemes.net\/?page_id=3038"},"modified":"2025-11-16T10:09:09","modified_gmt":"2025-11-16T10:09:09","slug":"nieuw","status":"publish","type":"page","link":"https:\/\/alessolutions.nl\/de\/nieuw\/","title":{"rendered":"NEU"},"content":{"rendered":"\t\t<div data-elementor-type=\"wp-page\" data-elementor-id=\"3038\" class=\"elementor elementor-3038\" data-elementor-post-type=\"page\">\n\t\t\t\t<div class=\"elementor-element elementor-element-ec17963 e-flex e-con-boxed pxl-row-scroll-none pxl-column-none pxl-full-content-with-space-none e-con e-parent\" data-id=\"ec17963\" data-element_type=\"container\">\n\t\t\t\t\t<div class=\"e-con-inner\">\n\t\t<div class=\"elementor-element elementor-element-85d54c0 e-con-full e-flex pxl-row-scroll-none pxl-column-none pxl-full-content-with-space-none e-con e-child\" data-id=\"85d54c0\" data-element_type=\"container\">\n\t\t\t\t<div class=\"elementor-element elementor-element-ccd33e6 elementor-widget elementor-widget-pxl_heading\" data-id=\"ccd33e6\" data-element_type=\"widget\" data-widget_type=\"pxl_heading.default\">\n\t\t\t\t<div class=\"elementor-widget-container\">\n\t\t\t\t\t\n<div id=\"pxl-pxl_heading-ccd33e6-3888\" class=\"pxl-heading px-sub-title-default-style \">\n\t<div class=\"pxl-heading--inner\">\n\t\t\t\t\t<div class=\"pxl-item--subtitle px-sub-title-default \" data-wow-delay=\"ms\">\n\t\t\t\t<span class=\"pxl-item--subtext\">\n\t\t\t\t\t\t\t\t\t\tNEU!!!\t\t\t\t<\/span>\n\t\t\t<\/div>\n\t\t\n\t\t<h2 class=\"pxl-item--title style-default  highlight-default pxl-split-text split-up\" data-wow-delay=\"ms\">\n\t\t\t\t\tEntwirf, betrachte und erlebe deine Veranda in AR\t\n\t\t\t\n\t\t<\/h2>\n\t\t\n\t<\/div>\n<\/div>\t\t\t\t<\/div>\n\t\t\t\t<\/div>\n\t\t\t\t<div class=\"elementor-element elementor-element-547346b elementor-widget elementor-widget-pxl_text_editor\" data-id=\"547346b\" data-element_type=\"widget\" data-widget_type=\"pxl_text_editor.default\">\n\t\t\t\t<div class=\"elementor-widget-container\">\n\t\t\t\t\t<div class=\"pxl-text-editor default\">\n\t<div class=\"pxl-item--inner  \" data-wow-delay=\"ms\">\n\t\t<p data-start=\"64\" data-end=\"347\">Im ersten Quartal 2026 bringt ALES Solutions eine revolution\u00e4re Erweiterung f\u00fcr unseren 3D-Konfigurator auf den Markt: Augmented Reality (AR).<br data-start=\"206\" data-end=\"209\" \/>Mit dieser neuen Funktion k\u00f6nnen Kunden ihre entworfene Veranda direkt in ihrer eigenen Umgebung \u00fcber Smartphone oder Tablet betrachten.<\/p><p data-start=\"349\" data-end=\"516\" data-is-last-node=\"\" data-is-only-node=\"\">Keine Vermutungen mehr \u2013 sondern eine Echtzeit-Visualisierung in Originalgr\u00f6\u00dfe.<br data-start=\"428\" data-end=\"431\" \/>Das ist die Zukunft des digitalen Verkaufens: interaktiv, pers\u00f6nlich und \u00fcberzeugend.<\/p>\t\t\n\t<\/div>\n<\/div>\t\t\t\t<\/div>\n\t\t\t\t<\/div>\n\t\t\t\t<\/div>\n\t\t<div class=\"elementor-element elementor-element-3d3f5ca e-con-full e-flex pxl-row-scroll-none pxl-column-none pxl-full-content-with-space-none e-con e-child\" data-id=\"3d3f5ca\" data-element_type=\"container\">\n\t\t\t\t<div class=\"elementor-element elementor-element-56a48be elementor-widget elementor-widget-pxl_image\" data-id=\"56a48be\" data-element_type=\"widget\" data-widget_type=\"pxl_image.default\">\n\t\t\t\t<div class=\"elementor-widget-container\">\n\t\t\t\t\t<div id=\"pxl_image-56a48be-4928\" class=\"pxl-image-single     \" data-wow-delay=\"ms\"  >\r\n    <div class=\"pxl-item--inner \" data-wow-delay=\"120ms\">\r\n        \r\n                    <div class=\"pxl-item--image \" data-parallax-value=\"\">\r\n                                <img fetchpriority=\"high\" decoding=\"async\" width=\"800\" height=\"500\" src=\"https:\/\/alessolutions.nl\/de\/wp-content\/uploads\/2025\/11\/alessolutions-AR-Augmented-Reality.jpg\" class=\"no-lazyload attachment-full\" alt=\"\" \/>                            <\/div>\r\n                \r\n    <\/div>\r\n<\/div>\t\t\t\t<\/div>\n\t\t\t\t<\/div>\n\t\t\t\t<\/div>\n\t\t\t\t\t<\/div>\n\t\t\t\t<\/div>\n\t\t<div class=\"elementor-element elementor-element-b063668 e-flex e-con-boxed pxl-row-scroll-none pxl-column-none pxl-full-content-with-space-none e-con e-parent\" data-id=\"b063668\" data-element_type=\"container\">\n\t\t\t\t\t<div class=\"e-con-inner\">\n\t\t<div class=\"elementor-element elementor-element-7918bd9 e-con-full e-flex pxl-row-scroll-none pxl-column-none pxl-full-content-with-space-none e-con e-child\" data-id=\"7918bd9\" data-element_type=\"container\">\n\t\t\t\t<div class=\"elementor-element elementor-element-379dfaa elementor-invisible elementor-widget elementor-widget-pxl_icon_box\" data-id=\"379dfaa\" data-element_type=\"widget\" data-settings=\"{&quot;_animation&quot;:&quot;fadeInUp&quot;}\" data-widget_type=\"pxl_icon_box.default\">\n\t\t\t\t<div class=\"elementor-widget-container\">\n\t\t\t\t\t<div class=\"pxl-icon-box pxl-icon-box2  style-4\" data-wow-delay=\"ms\">\r\n        <div class=\"pxl-item--inner\">\r\n        <a class=\"pxl-item--link\" ><\/a>\r\n                    <div class=\"pxl-item--icon\">\r\n                <i aria-hidden=\"true\" class=\"bootstrap-icons bi-star\"><\/i>            <\/div>\r\n                        <h5 class=\"pxl-item--title el-empty\">Realistische AR-Darstellung<\/h5>\r\n                    <div class=\"pxl-item--desc\">Betrachte das konfigurierte Veranda-Modell direkt im Garten oder auf der Terrasse.\nUnsere AR-Technologie zeigt Ma\u00dfe, Farben und Details in Originalgr\u00f6\u00dfe.<\/div>\r\n                <\/div>\r\n<\/div>\t\t\t\t<\/div>\n\t\t\t\t<\/div>\n\t\t\t\t<\/div>\n\t\t<div class=\"elementor-element elementor-element-e6e4905 e-con-full e-flex pxl-row-scroll-none pxl-column-none pxl-full-content-with-space-none e-con e-child\" data-id=\"e6e4905\" data-element_type=\"container\">\n\t\t\t\t<div class=\"elementor-element elementor-element-0e40f80 elementor-invisible elementor-widget elementor-widget-pxl_icon_box\" data-id=\"0e40f80\" data-element_type=\"widget\" data-settings=\"{&quot;_animation&quot;:&quot;fadeInUp&quot;}\" data-widget_type=\"pxl_icon_box.default\">\n\t\t\t\t<div class=\"elementor-widget-container\">\n\t\t\t\t\t<div class=\"pxl-icon-box pxl-icon-box2  style-4\" data-wow-delay=\"ms\">\r\n        <div class=\"pxl-item--inner\">\r\n        <a class=\"pxl-item--link\" ><\/a>\r\n                    <div class=\"pxl-item--icon\">\r\n                <i aria-hidden=\"true\" class=\"bootstrap-icons bi-star\"><\/i>            <\/div>\r\n                        <h5 class=\"pxl-item--title el-empty\">Verbunden mit deinem 3D-Konfigurator<\/h5>\r\n                    <div class=\"pxl-item--desc\">Die AR-Option funktioniert nahtlos mit dem bestehenden ALES 3D-Konfigurator.\nNach dem Entwerfen erscheint eine Ein-Klick-Option: \u201eIn deinem Raum ansehen\u201c.<\/div>\r\n                <\/div>\r\n<\/div>\t\t\t\t<\/div>\n\t\t\t\t<\/div>\n\t\t\t\t<\/div>\n\t\t<div class=\"elementor-element elementor-element-b138645 e-con-full e-flex pxl-row-scroll-none pxl-column-none pxl-full-content-with-space-none e-con e-child\" data-id=\"b138645\" data-element_type=\"container\">\n\t\t\t\t<div class=\"elementor-element elementor-element-7369a9c elementor-invisible elementor-widget elementor-widget-pxl_icon_box\" data-id=\"7369a9c\" data-element_type=\"widget\" data-settings=\"{&quot;_animation&quot;:&quot;fadeInUp&quot;}\" data-widget_type=\"pxl_icon_box.default\">\n\t\t\t\t<div class=\"elementor-widget-container\">\n\t\t\t\t\t<div class=\"pxl-icon-box pxl-icon-box2  style-4\" data-wow-delay=\"ms\">\r\n        <div class=\"pxl-item--inner\">\r\n        <a class=\"pxl-item--link\" ><\/a>\r\n                    <div class=\"pxl-item--icon\">\r\n                <i aria-hidden=\"true\" class=\"bootstrap-icons bi-star\"><\/i>            <\/div>\r\n                        <h5 class=\"pxl-item--title el-empty\">H\u00f6here Conversion & Kundenerfahrung<\/h5>\r\n                    <div class=\"pxl-item--desc\">Kunden sehen ihre zuk\u00fcnftige Veranda nicht nur auf dem Bildschirm, sondern direkt vor sich.\nDas schafft Vertrauen und f\u00fchrt zu schnelleren Verkaufsergebnissen.<\/div>\r\n                <\/div>\r\n<\/div>\t\t\t\t<\/div>\n\t\t\t\t<\/div>\n\t\t\t\t<\/div>\n\t\t<div class=\"elementor-element elementor-element-3c780ad e-con-full e-flex pxl-row-scroll-none pxl-column-none pxl-full-content-with-space-none e-con e-child\" data-id=\"3c780ad\" data-element_type=\"container\">\n\t\t\t\t<div class=\"elementor-element elementor-element-3d18a4f elementor-invisible elementor-widget elementor-widget-pxl_icon_box\" data-id=\"3d18a4f\" data-element_type=\"widget\" data-settings=\"{&quot;_animation&quot;:&quot;fadeInUp&quot;}\" data-widget_type=\"pxl_icon_box.default\">\n\t\t\t\t<div class=\"elementor-widget-container\">\n\t\t\t\t\t<div class=\"pxl-icon-box pxl-icon-box2  style-4\" data-wow-delay=\"ms\">\r\n        <div class=\"pxl-item--inner\">\r\n        <a class=\"pxl-item--link\" ><\/a>\r\n                    <div class=\"pxl-item--icon\">\r\n                <i aria-hidden=\"true\" class=\"bootstrap-icons bi-star\"><\/i>            <\/div>\r\n                        <h5 class=\"pxl-item--title el-empty\">Bereit f\u00fcr H\u00e4ndler & Endkunden<\/h5>\r\n                    <div class=\"pxl-item--desc\">Das AR-Modul ist f\u00fcr alle ALES-Konfiguratoren verf\u00fcgbar (Veranda, Schiebew\u00e4nde, Screens usw.)\nund kann in Websites, mobile Apps oder H\u00e4ndlerportale integriert werden.<\/div>\r\n                <\/div>\r\n<\/div>\t\t\t\t<\/div>\n\t\t\t\t<\/div>\n\t\t\t\t<\/div>\n\t\t\t\t\t<\/div>\n\t\t\t\t<\/div>\n\t\t<div class=\"elementor-element elementor-element-007e3a2 e-con-full e-flex pxl-row-scroll-none pxl-column-none pxl-full-content-with-space-none e-con e-parent\" data-id=\"007e3a2\" data-element_type=\"container\">\n\t\t<div class=\"elementor-element elementor-element-daa99a0 e-con-full e-flex pxl-row-scroll-none pxl-column-none pxl-full-content-with-space-none e-con e-child\" data-id=\"daa99a0\" data-element_type=\"container\">\n\t\t<div class=\"elementor-element elementor-element-77ba369 e-con-full e-flex pxl-row-scroll-none pxl-column-none pxl-full-content-with-space-none e-con e-child\" data-id=\"77ba369\" data-element_type=\"container\">\n\t\t<div class=\"elementor-element elementor-element-35755d3 e-con-full wow PXLZoom2 e-flex pxl-row-scroll-none pxl-column-none pxl-full-content-with-space-none e-con e-child\" data-id=\"35755d3\" data-element_type=\"container\" data-settings=\"{&quot;background_background&quot;:&quot;classic&quot;}\">\n\t\t\t\t<\/div>\n\t\t<div class=\"elementor-element elementor-element-7ab1ec7 e-con-full wow PXLZoom2 e-flex pxl-row-scroll-none pxl-column-none pxl-full-content-with-space-none e-con e-child\" data-id=\"7ab1ec7\" data-element_type=\"container\" data-settings=\"{&quot;background_background&quot;:&quot;classic&quot;}\">\n\t\t\t\t<div class=\"elementor-element elementor-element-8847458 elementor-widget elementor-widget-pxl_heading\" data-id=\"8847458\" data-element_type=\"widget\" data-widget_type=\"pxl_heading.default\">\n\t\t\t\t<div class=\"elementor-widget-container\">\n\t\t\t\t\t\n<div id=\"pxl-pxl_heading-8847458-9970\" class=\"pxl-heading px-sub-title-default-style \">\n\t<div class=\"pxl-heading--inner\">\n\t\t\n\t\t<h3 class=\"pxl-item--title style-default  highlight-default \" data-wow-delay=\"ms\">\n\t\t\t\t\tBald verf\u00fcgbar: ALES 3D + AR\t\n\t\t\t\n\t\t<\/h3>\n\t\t\n\t<\/div>\n<\/div>\t\t\t\t<\/div>\n\t\t\t\t<\/div>\n\t\t\t\t<div class=\"elementor-element elementor-element-ec0ca43 elementor-widget elementor-widget-pxl_text_editor\" data-id=\"ec0ca43\" data-element_type=\"widget\" data-widget_type=\"pxl_text_editor.default\">\n\t\t\t\t<div class=\"elementor-widget-container\">\n\t\t\t\t\t<div class=\"pxl-text-editor default\">\n\t<div class=\"pxl-item--inner  \" data-wow-delay=\"ms\">\n\t\t<p data-start=\"34\" data-end=\"204\">Erlebe deine Veranda in der Realit\u00e4t \u2014 noch bevor sie gebaut wird.<br data-start=\"100\" data-end=\"103\" \/>Die neueste Innovation von ALES Solutions macht 3D-Konfiguration nicht nur visuell, sondern greifbar.<\/p><p data-start=\"206\" data-end=\"254\" data-is-last-node=\"\" data-is-only-node=\"\">Melde dich an, um als Erster Zugang zu erhalten.<\/p>\t\t\n\t<\/div>\n<\/div>\t\t\t\t<\/div>\n\t\t\t\t<\/div>\n\t\t\t\t<div class=\"elementor-element elementor-element-a6fdcb8 elementor-widget__width-initial elementor-widget elementor-widget-pxl_contact_form\" data-id=\"a6fdcb8\" data-element_type=\"widget\" data-widget_type=\"pxl_contact_form.default\">\n\t\t\t\t<div class=\"elementor-widget-container\">\n\t\t\t\t\t    <div class=\"pxl-contact-form pxl-contact-form1 btn-w-auto \" data-wow-delay=\"ms\">\r\n            \n<div class=\"wpcf7 no-js\" id=\"wpcf7-f2743-o1\" lang=\"en-US\" dir=\"ltr\" data-wpcf7-id=\"2743\">\n<div class=\"screen-reader-response\"><p role=\"status\" aria-live=\"polite\" aria-atomic=\"true\"><\/p> <ul><\/ul><\/div>\n<form action=\"\/de\/wp-json\/wp\/v2\/pages\/3038#wpcf7-f2743-o1\" method=\"post\" class=\"wpcf7-form init\" aria-label=\"Contact form\" novalidate=\"novalidate\" data-status=\"init\">\n<fieldset class=\"hidden-fields-container\"><input type=\"hidden\" name=\"_wpcf7\" value=\"2743\" \/><input type=\"hidden\" name=\"_wpcf7_version\" value=\"6.1.3\" \/><input type=\"hidden\" name=\"_wpcf7_locale\" value=\"en_US\" \/><input type=\"hidden\" name=\"_wpcf7_unit_tag\" value=\"wpcf7-f2743-o1\" \/><input type=\"hidden\" name=\"_wpcf7_container_post\" value=\"0\" \/><input type=\"hidden\" name=\"_wpcf7_posted_data_hash\" value=\"\" \/>\n<\/fieldset>\n<div class=\"wrap-ctf1-1\">\n\t<div class=\"input-filled\">\n\t\t<p><span class=\"wpcf7-form-control-wrap your-email\"><span class=\"wpcf7-form-control-wrap\" data-name=\"your-email\"><input size=\"40\" maxlength=\"400\" class=\"wpcf7-form-control wpcf7-email wpcf7-validates-as-required wpcf7-text wpcf7-validates-as-email\" aria-required=\"true\" aria-invalid=\"false\" placeholder=\"Email\" value=\"\" type=\"email\" name=\"your-email\" \/><\/span><button type=\"submit\" class=\"wpcf7-submit wpcf7-btn-abs\" >Senden<\/button><\/span>\n\t\t<\/p>\n\t<\/div>\n<\/div><div class=\"wpcf7-response-output\" aria-hidden=\"true\"><\/div>\n<\/form>\n<\/div>\n    <div id=\"qrcode\" class=\"hide-qr\"><\/div>\r\n<\/div>\r\n\t\t\t\t<\/div>\n\t\t\t\t<\/div>\n\t\t\t\t<\/div>\n\t\t\t\t<\/div>\n\t\t\t\t<\/div>\n\t\t\t\t<\/div>\n\t\t\t\t<\/div>\n\t\t","protected":false},"excerpt":{"rendered":"<p>NEU!!! Entwirf, betrachte und erlebe deine Veranda in AR Im ersten Quartal 2026 bringt ALES Solutions eine revolution\u00e4re Erweiterung f\u00fcr unseren 3D-Konfigurator auf den Markt: Augmented Reality (AR).Mit dieser neuen Funktion k\u00f6nnen Kunden ihre entworfene Veranda direkt in ihrer eigenen Umgebung \u00fcber Smartphone oder Tablet betrachten. Keine Vermutungen mehr \u2013 sondern eine Echtzeit-Visualisierung in Originalgr\u00f6\u00dfe.Das [&hellip;]<\/p>\n","protected":false},"author":1,"featured_media":0,"parent":0,"menu_order":0,"comment_status":"closed","ping_status":"closed","template":"","meta":{"footnotes":""},"class_list":["post-3038","page","type-page","status-publish","hentry"],"_links":{"self":[{"href":"https:\/\/alessolutions.nl\/de\/wp-json\/wp\/v2\/pages\/3038","targetHints":{"allow":["GET"]}}],"collection":[{"href":"https:\/\/alessolutions.nl\/de\/wp-json\/wp\/v2\/pages"}],"about":[{"href":"https:\/\/alessolutions.nl\/de\/wp-json\/wp\/v2\/types\/page"}],"author":[{"embeddable":true,"href":"https:\/\/alessolutions.nl\/de\/wp-json\/wp\/v2\/users\/1"}],"replies":[{"embeddable":true,"href":"https:\/\/alessolutions.nl\/de\/wp-json\/wp\/v2\/comments?post=3038"}],"version-history":[{"count":16,"href":"https:\/\/alessolutions.nl\/de\/wp-json\/wp\/v2\/pages\/3038\/revisions"}],"predecessor-version":[{"id":9440,"href":"https:\/\/alessolutions.nl\/de\/wp-json\/wp\/v2\/pages\/3038\/revisions\/9440"}],"wp:attachment":[{"href":"https:\/\/alessolutions.nl\/de\/wp-json\/wp\/v2\/media?parent=3038"}],"curies":[{"name":"wp","href":"https:\/\/api.w.org\/{rel}","templated":true}]}}