{"id":855,"date":"2025-03-14T03:17:05","date_gmt":"2025-03-14T03:17:05","guid":{"rendered":"https:\/\/vintech.casethemes.net\/?page_id=855"},"modified":"2025-11-16T10:08:58","modified_gmt":"2025-11-16T10:08:58","slug":"contact-ons","status":"publish","type":"page","link":"https:\/\/alessolutions.nl\/de\/contact-ons\/","title":{"rendered":"Kontakt"},"content":{"rendered":"\t\t<div data-elementor-type=\"wp-page\" data-elementor-id=\"855\" class=\"elementor elementor-855\" data-elementor-post-type=\"page\">\n\t\t\t\t<div class=\"elementor-element elementor-element-438342d e-flex e-con-boxed pxl-row-scroll-none pxl-column-none pxl-full-content-with-space-none e-con e-parent\" data-id=\"438342d\" data-element_type=\"container\">\n\t\t\t\t\t<div class=\"e-con-inner\">\n\t\t<div class=\"elementor-element elementor-element-ad6679f e-con-full e-flex pxl-row-scroll-none pxl-column-none pxl-full-content-with-space-none e-con e-child\" data-id=\"ad6679f\" data-element_type=\"container\" data-settings=\"{&quot;background_background&quot;:&quot;gradient&quot;}\">\n\t\t<div class=\"elementor-element elementor-element-26f3959 e-con-full e-flex pxl-row-scroll-none pxl-column-none pxl-full-content-with-space-none e-con e-child\" data-id=\"26f3959\" data-element_type=\"container\">\n\t\t<div class=\"elementor-element elementor-element-93b6ace e-con-full e-flex pxl-row-scroll-none pxl-column-none pxl-full-content-with-space-none e-con e-child\" data-id=\"93b6ace\" data-element_type=\"container\">\n\t\t\t\t<div class=\"elementor-element elementor-element-3183197 elementor-widget elementor-widget-pxl_heading\" data-id=\"3183197\" data-element_type=\"widget\" data-widget_type=\"pxl_heading.default\">\n\t\t\t\t<div class=\"elementor-widget-container\">\n\t\t\t\t\t\n<div id=\"pxl-pxl_heading-3183197-2405\" class=\"pxl-heading px-sub-title-default-style \">\n\t<div class=\"pxl-heading--inner\">\n\t\t\n\t\t<h2 class=\"pxl-item--title style-default  highlight-default pxl-split-text split-up\" data-wow-delay=\"ms\">\n\t\t\t\t\tIntelligente Software beginnt mit einem guten Gespr\u00e4ch.\t\n\t\t\t\n\t\t<\/h2>\n\t\t\n\t<\/div>\n<\/div>\t\t\t\t<\/div>\n\t\t\t\t<\/div>\n\t\t\t\t<div class=\"elementor-element elementor-element-b1d9d94 elementor-widget elementor-widget-pxl_text_editor\" data-id=\"b1d9d94\" data-element_type=\"widget\" data-widget_type=\"pxl_text_editor.default\">\n\t\t\t\t<div class=\"elementor-widget-container\">\n\t\t\t\t\t<div class=\"pxl-text-editor default\">\n\t<div class=\"pxl-item--inner  \" data-wow-delay=\"ms\">\n\t\t<p data-start=\"61\" data-end=\"262\">Hast du Fragen zu unseren 3D-Konfiguratoren, Integrationen oder ma\u00dfgeschneiderten L\u00f6sungen?<br data-start=\"152\" data-end=\"155\" \/>Unser Team ist bereit, deinem Unternehmen zu helfen, den n\u00e4chsten Schritt im digitalen Verkauf zu machen.<\/p><p data-start=\"264\" data-end=\"357\" data-is-last-node=\"\" data-is-only-node=\"\">F\u00fclle das Formular aus, sende uns eine E-Mail oder vereinbare direkt ein Online-Kennenlernen.<\/p>\t\t\n\t<\/div>\n<\/div>\t\t\t\t<\/div>\n\t\t\t\t<\/div>\n\t\t\t\t<div class=\"elementor-element elementor-element-6199dbc elementor-widget elementor-widget-pxl_link\" data-id=\"6199dbc\" data-element_type=\"widget\" data-widget_type=\"pxl_link.default\">\n\t\t\t\t<div class=\"elementor-widget-container\">\n\t\t\t\t\t<div class=\"pxl-link-wrap\">\r\n    <h3 class=\"pxl-widget-title pxl-empty\"><\/h3>\r\n            <ul id=\"pxl-link-pxl_link-6199dbc-9432\" class=\"pxl-link pxl-link-l1 style-box type-horizontal\">\r\n                                <li class=\"pxl-item--link  \">\r\n                        <a class=\"\" >\r\n                            <svg xmlns=\"http:\/\/www.w3.org\/2000\/svg\" width=\"21\" height=\"22\" viewBox=\"0 0 21 22\" fill=\"none\"><rect y=\"0.5\" width=\"21\" height=\"21\" rx=\"10.5\" fill=\"white\"><\/rect><path d=\"M9.45472 14C9.30448 14 9.20432 13.9503 9.10416 13.8509L6.65024 11.267C6.44992 11.0682 6.44992 10.77 6.65024 10.5713C6.85056 10.3725 7.15104 10.3725 7.35136 10.5713L9.40464 12.7577L13.6114 8.18606C13.7616 7.9873 14.1122 7.9376 14.3125 8.08668C14.5128 8.23575 14.5629 8.5836 14.4126 8.78236L14.3626 8.83206L9.80528 13.8012C9.7552 13.9503 9.60496 14 9.45472 14Z\" fill=\"#5230DA\"><\/path><\/svg>                            <span>24\/7 Online Support<\/span>\r\n                                                    <\/a>\r\n                    <\/li>\r\n                                <li class=\"pxl-item--link  \">\r\n                        <a class=\"\" >\r\n                            <svg xmlns=\"http:\/\/www.w3.org\/2000\/svg\" width=\"21\" height=\"22\" viewBox=\"0 0 21 22\" fill=\"none\"><rect y=\"0.5\" width=\"21\" height=\"21\" rx=\"10.5\" fill=\"white\"><\/rect><path d=\"M9.45472 14C9.30448 14 9.20432 13.9503 9.10416 13.8509L6.65024 11.267C6.44992 11.0682 6.44992 10.77 6.65024 10.5713C6.85056 10.3725 7.15104 10.3725 7.35136 10.5713L9.40464 12.7577L13.6114 8.18606C13.7616 7.9873 14.1122 7.9376 14.3125 8.08668C14.5128 8.23575 14.5629 8.5836 14.4126 8.78236L14.3626 8.83206L9.80528 13.8012C9.7552 13.9503 9.60496 14 9.45472 14Z\" fill=\"#5230DA\"><\/path><\/svg>                            <span>Gratis Advies<\/span>\r\n                                                    <\/a>\r\n                    <\/li>\r\n                                <li class=\"pxl-item--link  \">\r\n                        <a class=\"\" >\r\n                            <svg xmlns=\"http:\/\/www.w3.org\/2000\/svg\" width=\"21\" height=\"22\" viewBox=\"0 0 21 22\" fill=\"none\"><rect y=\"0.5\" width=\"21\" height=\"21\" rx=\"10.5\" fill=\"white\"><\/rect><path d=\"M9.45472 14C9.30448 14 9.20432 13.9503 9.10416 13.8509L6.65024 11.267C6.44992 11.0682 6.44992 10.77 6.65024 10.5713C6.85056 10.3725 7.15104 10.3725 7.35136 10.5713L9.40464 12.7577L13.6114 8.18606C13.7616 7.9873 14.1122 7.9376 14.3125 8.08668C14.5128 8.23575 14.5629 8.5836 14.4126 8.78236L14.3626 8.83206L9.80528 13.8012C9.7552 13.9503 9.60496 14 9.45472 14Z\" fill=\"#5230DA\"><\/path><\/svg>                            <span>Meertalige ondersteuning<\/span>\r\n                                                    <\/a>\r\n                    <\/li>\r\n                    <\/ul>\r\n    <\/div>\t\t\t\t<\/div>\n\t\t\t\t<\/div>\n\t\t\t\t<\/div>\n\t\t\t\t<div class=\"elementor-element elementor-element-7a558fc elementor-widget elementor-widget-pxl_location\" data-id=\"7a558fc\" data-element_type=\"widget\" data-widget_type=\"pxl_location.default\">\n\t\t\t\t<div class=\"elementor-widget-container\">\n\t\t\t\t\t<div class=\"pxl-location pxl-location1 \" data-wow-delay=\"ms\">\r\n            <div class=\"pxl-image\">\r\n            <img fetchpriority=\"high\" decoding=\"async\" width=\"819\" height=\"326\" src=\"https:\/\/alessolutions.nl\/de\/wp-content\/uploads\/2025\/04\/map-ct.webp\" class=\"attachment-full\" alt=\"\" \/>        <\/div>\r\n        <div class=\"pxl-list\">\r\n            <\/div>\r\n<\/div>\r\n\t\t\t\t<\/div>\n\t\t\t\t<\/div>\n\t\t\t\t<\/div>\n\t\t<div class=\"elementor-element elementor-element-1480798 e-con-full e-flex pxl-row-scroll-none pxl-column-none pxl-full-content-with-space-none e-con e-child\" data-id=\"1480798\" data-element_type=\"container\">\n\t\t\t\t<div class=\"elementor-element elementor-element-934d2fc wow PXLZoom2 elementor-widget elementor-widget-pxl_contact_form\" data-id=\"934d2fc\" data-element_type=\"widget\" data-widget_type=\"pxl_contact_form.default\">\n\t\t\t\t<div class=\"elementor-widget-container\">\n\t\t\t\t\t    <div class=\"pxl-contact-form pxl-contact-form1 btn-w-auto \" data-wow-delay=\"ms\">\r\n            \n<div class=\"wpcf7 no-js\" id=\"wpcf7-f6-o1\" lang=\"en-US\" dir=\"ltr\" data-wpcf7-id=\"6\">\n<div class=\"screen-reader-response\"><p role=\"status\" aria-live=\"polite\" aria-atomic=\"true\"><\/p> <ul><\/ul><\/div>\n<form action=\"\/de\/wp-json\/wp\/v2\/pages\/855#wpcf7-f6-o1\" method=\"post\" class=\"wpcf7-form init\" aria-label=\"Contact form\" novalidate=\"novalidate\" data-status=\"init\">\n<fieldset class=\"hidden-fields-container\"><input type=\"hidden\" name=\"_wpcf7\" value=\"6\" \/><input type=\"hidden\" name=\"_wpcf7_version\" value=\"6.1.3\" \/><input type=\"hidden\" name=\"_wpcf7_locale\" value=\"en_US\" \/><input type=\"hidden\" name=\"_wpcf7_unit_tag\" value=\"wpcf7-f6-o1\" \/><input type=\"hidden\" name=\"_wpcf7_container_post\" value=\"0\" \/><input type=\"hidden\" name=\"_wpcf7_posted_data_hash\" value=\"\" \/>\n<\/fieldset>\n<div class=\"wrap-ctf-page wrap-form ct-home6\">\n\t<div class=\"containter\">\n\t\t<div class=\"row\">\n\t\t\t<div class=\"input-filled col-xl-6 col-lg-6 col-md-6 col-sm-6 col-xs-12\">\n\t\t\t\t<p><span class=\"wpcf7-form-control-wrap your-name\"><span class=\"wpcf7-form-control-wrap\" data-name=\"your-name\"><input size=\"40\" maxlength=\"400\" class=\"wpcf7-form-control wpcf7-text wpcf7-validates-as-required\" aria-required=\"true\" aria-invalid=\"false\" placeholder=\"Nsme*\" value=\"\" type=\"text\" name=\"your-name\" \/><\/span><\/span>\n\t\t\t\t<\/p>\n\t\t\t<\/div>\n\t\t\t<div class=\"input-filled col-xl-6 col-lg-6 col-md-6 col-sm-6 col-xs-12\">\n\t\t\t\t<p><span class=\"wpcf7-form-control-wrap your-email\"><span class=\"wpcf7-form-control-wrap\" data-name=\"your-email\"><input size=\"40\" maxlength=\"400\" class=\"wpcf7-form-control wpcf7-email wpcf7-validates-as-required wpcf7-text wpcf7-validates-as-email\" aria-required=\"true\" aria-invalid=\"false\" placeholder=\"Telefon\" value=\"\" type=\"email\" name=\"your-email\" \/><\/span><\/span>\n\t\t\t\t<\/p>\n\t\t\t<\/div>\n\t\t\t<div class=\"input-filled col-xl-6 col-lg-6 col-md-12 col-sm-12 col-xs-12\">\n\t\t\t\t<p><span class=\"wpcf7-form-control-wrap your-phone\"><span class=\"wpcf7-form-control-wrap\" data-name=\"your-phone\"><input size=\"40\" maxlength=\"400\" class=\"wpcf7-form-control wpcf7-tel wpcf7-validates-as-required wpcf7-text wpcf7-validates-as-tel\" aria-required=\"true\" aria-invalid=\"false\" placeholder=\"E-Mail*\" value=\"\" type=\"tel\" name=\"your-phone\" \/><\/span><\/span>\n\t\t\t\t<\/p>\n\t\t\t<\/div>\n\t\t\t<div class=\"input-filled col-xl-6 col-lg-6 col-md-12 col-sm-12 col-xs-12\">\n\t\t\t\t<p><span class=\"wpcf7-form-control-wrap your-company\"><span class=\"wpcf7-form-control-wrap\" data-name=\"your-company\"><input size=\"40\" maxlength=\"400\" class=\"wpcf7-form-control wpcf7-text wpcf7-validates-as-required\" aria-required=\"true\" aria-invalid=\"false\" placeholder=\"Firmenname\" value=\"\" type=\"text\" name=\"your-company\" \/><\/span><\/span>\n\t\t\t\t<\/p>\n\t\t\t<\/div>\n\t\t\t<div class=\"input-filled col-xl-6 col-lg-6 col-md-12 col-sm-12 col-xs-12\">\n\t\t\t\t<p><span class=\"wpcf7-form-control-wrap your-products\"><span class=\"wpcf7-form-control-wrap\" data-name=\"menu-516\"><select class=\"wpcf7-form-control wpcf7-select\" aria-invalid=\"false\" name=\"menu-516\"><option value=\"W\u00e4hle einen Service*\">W\u00e4hle einen Service*<\/option><option value=\"3D Konfigurator\">3D Konfigurator<\/option><option value=\"IT Beratung\">IT Beratung<\/option><option value=\"Webdesign\">Webdesign<\/option><\/select><\/span><\/span>\n\t\t\t\t<\/p>\n\t\t\t<\/div>\n\t\t\t<div class=\"input-filled col-xl-6 col-lg-6 col-md-12 col-sm-12 col-xs-12\">\n\t\t\t\t<p><span class=\"wpcf7-form-control-wrap your-country\"><span class=\"wpcf7-form-control-wrap\" data-name=\"menu-516\"><select class=\"wpcf7-form-control wpcf7-select\" aria-invalid=\"false\" name=\"menu-516\"><option value=\"Bevorzugte Sprache\">Bevorzugte Sprache<\/option><option value=\"Englisch\">Englisch<\/option><option value=\"Niederl\u00e4ndisch\">Niederl\u00e4ndisch<\/option><option value=\"Deutsch\">Deutsch<\/option><\/select><\/span><\/span>\n\t\t\t\t<\/p>\n\t\t\t<\/div>\n\t\t\t<div class=\"input-filled col-xl-12\">\n\t\t\t\t<p><span class=\"wpcf7-form-control-wrap your-messeage\"><span class=\"wpcf7-form-control-wrap\" data-name=\"your-messeage\"><textarea cols=\"40\" rows=\"10\" maxlength=\"2000\" class=\"wpcf7-form-control wpcf7-textarea wpcf7-validates-as-required\" aria-required=\"true\" aria-invalid=\"false\" placeholder=\"Ihre Nachricht...\" name=\"your-messeage\"><\/textarea><\/span><\/span><span>Ihre Daten sind bei uns vollst\u00e4ndig sicher.<br \/>\nWir geben Ihre Informationen niemals an Dritte weiter und nutzen sie ausschlie\u00dflich zur Verbesserung unseres Services.<\/span>\n\t\t\t\t<\/p>\n\t\t\t<\/div>\n\t\t\t<div class=\"input-filled cf-center-btn col-xl-12\">\n\t\t\t\t<p><input class=\"wpcf7-form-control wpcf7-submit has-spinner\" type=\"submit\" value=\"Senden\" \/>\n\t\t\t\t<\/p>\n\t\t\t<\/div>\n\t\t<\/div>\n\t<\/div>\n<\/div><div class=\"wpcf7-response-output\" aria-hidden=\"true\"><\/div>\n<\/form>\n<\/div>\n    <div id=\"qrcode\" class=\"hide-qr\"><\/div>\r\n<\/div>\r\n\t\t\t\t<\/div>\n\t\t\t\t<\/div>\n\t\t\t\t<\/div>\n\t\t\t\t<\/div>\n\t\t\t\t\t<\/div>\n\t\t\t\t<\/div>\n\t\t<div class=\"elementor-element elementor-element-0b15bf5 e-flex e-con-boxed pxl-row-scroll-none pxl-column-none pxl-full-content-with-space-none e-con e-parent\" data-id=\"0b15bf5\" data-element_type=\"container\">\n\t\t\t\t\t<div class=\"e-con-inner\">\n\t\t\t\t<div class=\"elementor-element elementor-element-0b1571f elementor-widget elementor-widget-pxl_heading\" data-id=\"0b1571f\" data-element_type=\"widget\" data-widget_type=\"pxl_heading.default\">\n\t\t\t\t<div class=\"elementor-widget-container\">\n\t\t\t\t\t\n<div id=\"pxl-pxl_heading-0b1571f-7769\" class=\"pxl-heading px-sub-title-default-style \">\n\t<div class=\"pxl-heading--inner\">\n\t\t\n\t\t<h2 class=\"pxl-item--title style-default  highlight-default pxl-split-text split-up\" data-wow-delay=\"ms\">\n\t\t\t\t\tUnsere B\u00fcros\t\n\t\t\t\n\t\t<\/h2>\n\t\t\n\t<\/div>\n<\/div>\t\t\t\t<\/div>\n\t\t\t\t<\/div>\n\t\t\t\t<div class=\"elementor-element elementor-element-6fa1c96 elementor-widget elementor-widget-pxl_text_editor\" data-id=\"6fa1c96\" data-element_type=\"widget\" data-widget_type=\"pxl_text_editor.default\">\n\t\t\t\t<div class=\"elementor-widget-container\">\n\t\t\t\t\t<div class=\"pxl-text-editor default\">\n\t<div class=\"pxl-item--inner  \" data-wow-delay=\"ms\">\n\t\t<p>Unser B\u00fcro, gelegen im Zentrum der Innovation, vereint globales Wissen mit lokaler Erfahrung.<br data-start=\"95\" data-end=\"98\" \/>Es ist der Ort, an dem Technologie, Design und Vision zusammenkommen, um die Zukunft digitaler L\u00f6sungen zu gestalten.<\/p>\t\t\n\t<\/div>\n<\/div>\t\t\t\t<\/div>\n\t\t\t\t<\/div>\n\t\t\t\t<div class=\"elementor-element elementor-element-d026f56 elementor-widget elementor-widget-pxl_offices_list\" data-id=\"d026f56\" data-element_type=\"widget\" data-widget_type=\"pxl_offices_list.default\">\n\t\t\t\t<div class=\"elementor-widget-container\">\n\t\t\t\t\t<div class=\"pxl-offices-list pxl-offices-list1\">\r\n                <div class=\"pxl--item wow PXLZoom2\" data-wow-delay=\"ms\" data-label=\"Niederlande\" >\r\n                        <div class=\"pxl-item--left pxl-flex-justify\">\r\n                <h3 class=\"pxl-item-label\">Niederlande<\/h3>\r\n                <a href=\"https:\/\/maps.app.goo.gl\/cubazz2HxBfuK9SY7\"><span>Open in Google Maps<\/span><svg xmlns=\"http:\/\/www.w3.org\/2000\/svg\" width=\"15\" height=\"11\" viewBox=\"0 0 15 11\" fill=\"none\">\r\n                  <path d=\"M14.8004 5.00953L10.0276 0.236805C9.899 0.112606 9.72677 0.0438825 9.548 0.0454359C9.36923 0.0469894 9.19822 0.118696 9.0718 0.24511C8.94539 0.371525 8.87368 0.542533 8.87213 0.721304C8.87057 0.900074 8.9393 1.0723 9.0635 1.2009L12.6724 4.80976L0.681825 4.80976C0.500994 4.80976 0.327569 4.88159 0.199702 5.00946C0.0718349 5.13732 0 5.31075 0 5.49158C0 5.67241 0.0718349 5.84583 0.199702 5.97369C0.327569 6.10156 0.500994 6.17339 0.681825 6.17339L12.6724 6.17339L9.0635 9.78226C8.99838 9.84515 8.94643 9.92039 8.9107 10.0036C8.87497 10.0868 8.85616 10.1762 8.85537 10.2668C8.85458 10.3573 8.87183 10.4471 8.90612 10.5309C8.9404 10.6147 8.99103 10.6908 9.05505 10.7548C9.11906 10.8188 9.19519 10.8694 9.27899 10.9037C9.36278 10.938 9.45256 10.9553 9.54309 10.9545C9.63363 10.9537 9.72309 10.9349 9.80628 10.8991C9.88947 10.8634 9.9647 10.8115 10.0276 10.7463L14.8004 5.97362C14.9282 5.84576 15 5.67237 15 5.49158C15 5.31078 14.9282 5.13739 14.8004 5.00953Z\" fill=\"#5230DA\"\/>\r\n              <\/svg><\/a>\r\n          <\/div>\r\n      \r\n              <div class=\"pxl-item--location pxl-flex-justify\">\r\n                                <a href=\"https:\/\/maps.app.goo.gl\/VVjtCKwB1uZevHNTA\">\r\n                                        <span>Vlierweg 12-K03, 1032 LG te Amsterdam<\/span>\r\n                                        <\/a>\r\n                                    <a href=\"tel:+31202101443\">\r\n                                        <span>+31 20 210 14 43<\/span>\r\n                                        <\/a>\r\n                                    <a href=\"mailto:sales@alessolutions.nl\">\r\n                                        <span>sales@alessolutions.nl<\/span>\r\n                                        <\/a>\r\n                                    <span>Maandag t\/m Vrijdag: 09:00 to 17:00<\/span>\r\n                            <\/div>\r\n    \r\n            <div class=\"wrap-image\" style=\"background-image:url(https:\/\/alessolutions.nl\/de\/wp-content\/uploads\/2025\/04\/office1.webp);\"><\/div>\r\n    <\/div>\r\n        <div class=\"pxl--item wow PXLZoom2\" data-wow-delay=\"ms\" data-label=\"Deutschland\" >\r\n                        <div class=\"pxl-item--left pxl-flex-justify\">\r\n                <h3 class=\"pxl-item-label\">Deutschland<\/h3>\r\n                <a href=\"https:\/\/maps.app.goo.gl\/cubazz2HxBfuK9SY7\"><span>Open in Google Maps<\/span><svg xmlns=\"http:\/\/www.w3.org\/2000\/svg\" width=\"15\" height=\"11\" viewBox=\"0 0 15 11\" fill=\"none\">\r\n                  <path d=\"M14.8004 5.00953L10.0276 0.236805C9.899 0.112606 9.72677 0.0438825 9.548 0.0454359C9.36923 0.0469894 9.19822 0.118696 9.0718 0.24511C8.94539 0.371525 8.87368 0.542533 8.87213 0.721304C8.87057 0.900074 8.9393 1.0723 9.0635 1.2009L12.6724 4.80976L0.681825 4.80976C0.500994 4.80976 0.327569 4.88159 0.199702 5.00946C0.0718349 5.13732 0 5.31075 0 5.49158C0 5.67241 0.0718349 5.84583 0.199702 5.97369C0.327569 6.10156 0.500994 6.17339 0.681825 6.17339L12.6724 6.17339L9.0635 9.78226C8.99838 9.84515 8.94643 9.92039 8.9107 10.0036C8.87497 10.0868 8.85616 10.1762 8.85537 10.2668C8.85458 10.3573 8.87183 10.4471 8.90612 10.5309C8.9404 10.6147 8.99103 10.6908 9.05505 10.7548C9.11906 10.8188 9.19519 10.8694 9.27899 10.9037C9.36278 10.938 9.45256 10.9553 9.54309 10.9545C9.63363 10.9537 9.72309 10.9349 9.80628 10.8991C9.88947 10.8634 9.9647 10.8115 10.0276 10.7463L14.8004 5.97362C14.9282 5.84576 15 5.67237 15 5.49158C15 5.31078 14.9282 5.13739 14.8004 5.00953Z\" fill=\"#5230DA\"\/>\r\n              <\/svg><\/a>\r\n          <\/div>\r\n      \r\n              <div class=\"pxl-item--location pxl-flex-justify\">\r\n                                <a href=\"https:\/\/maps.app.goo.gl\/cubazz2HxBfuK9SY7\">\r\n                                        <span>D\u00fcsseldorf, Germany<\/span>\r\n                                        <\/a>\r\n                                    <a href=\"tel:+491725255561\">\r\n                                        <span>+49 172 5255561<\/span>\r\n                                        <\/a>\r\n                                    <a href=\"mailto:sales@alessolutions.nl\">\r\n                                        <span>verkauf@alessolutions.nl<\/span>\r\n                                        <\/a>\r\n                                    <span>Maandag t\/m Vrijdag: 09:00 to 17:00<\/span>\r\n                            <\/div>\r\n    \r\n            <div class=\"wrap-image\" style=\"background-image:url(https:\/\/alessolutions.nl\/de\/wp-content\/uploads\/2025\/04\/office1.webp);\"><\/div>\r\n    <\/div>\r\n<\/div>\r\n\t\t\t\t<\/div>\n\t\t\t\t<\/div>\n\t\t\t\t\t<\/div>\n\t\t\t\t<\/div>\n\t\t\t\t<\/div>\n\t\t","protected":false},"excerpt":{"rendered":"<p>Intelligente Software beginnt mit einem guten Gespr\u00e4ch. Hast du Fragen zu unseren 3D-Konfiguratoren, Integrationen oder ma\u00dfgeschneiderten L\u00f6sungen?Unser Team ist bereit, deinem Unternehmen zu helfen, den n\u00e4chsten Schritt im digitalen Verkauf zu machen. F\u00fclle das Formular aus, sende uns eine E-Mail oder vereinbare direkt ein Online-Kennenlernen. 24\/7 Online Support Gratis Advies Meertalige ondersteuning Kies een dienst*3D [&hellip;]<\/p>\n","protected":false},"author":1,"featured_media":0,"parent":0,"menu_order":0,"comment_status":"closed","ping_status":"closed","template":"","meta":{"footnotes":""},"class_list":["post-855","page","type-page","status-publish","hentry"],"_links":{"self":[{"href":"https:\/\/alessolutions.nl\/de\/wp-json\/wp\/v2\/pages\/855","targetHints":{"allow":["GET"]}}],"collection":[{"href":"https:\/\/alessolutions.nl\/de\/wp-json\/wp\/v2\/pages"}],"about":[{"href":"https:\/\/alessolutions.nl\/de\/wp-json\/wp\/v2\/types\/page"}],"author":[{"embeddable":true,"href":"https:\/\/alessolutions.nl\/de\/wp-json\/wp\/v2\/users\/1"}],"replies":[{"embeddable":true,"href":"https:\/\/alessolutions.nl\/de\/wp-json\/wp\/v2\/comments?post=855"}],"version-history":[{"count":34,"href":"https:\/\/alessolutions.nl\/de\/wp-json\/wp\/v2\/pages\/855\/revisions"}],"predecessor-version":[{"id":9439,"href":"https:\/\/alessolutions.nl\/de\/wp-json\/wp\/v2\/pages\/855\/revisions\/9439"}],"wp:attachment":[{"href":"https:\/\/alessolutions.nl\/de\/wp-json\/wp\/v2\/media?parent=855"}],"curies":[{"name":"wp","href":"https:\/\/api.w.org\/{rel}","templated":true}]}}