{"id":9510,"date":"2025-11-16T11:03:44","date_gmt":"2025-11-16T11:03:44","guid":{"rendered":"https:\/\/alessolutions.nl\/de\/?page_id=9510"},"modified":"2025-11-16T11:18:12","modified_gmt":"2025-11-16T11:18:12","slug":"impressum","status":"publish","type":"page","link":"https:\/\/alessolutions.nl\/de\/impressum\/","title":{"rendered":"Impressum"},"content":{"rendered":"\t\t<div data-elementor-type=\"wp-page\" data-elementor-id=\"9510\" class=\"elementor elementor-9510\" data-elementor-post-type=\"page\">\n\t\t\t\t<div class=\"elementor-element elementor-element-7d04b35 e-flex e-con-boxed pxl-row-scroll-none pxl-column-none pxl-full-content-with-space-none e-con e-parent\" data-id=\"7d04b35\" data-element_type=\"container\">\n\t\t\t\t\t<div class=\"e-con-inner\">\n\t\t<div class=\"elementor-element elementor-element-724f12d e-con-full e-flex pxl-row-scroll-none pxl-column-none pxl-full-content-with-space-none e-con e-child\" data-id=\"724f12d\" data-element_type=\"container\">\n\t\t\t\t<div class=\"elementor-element elementor-element-162da18 elementor-widget elementor-widget-pxl_heading\" data-id=\"162da18\" data-element_type=\"widget\" data-widget_type=\"pxl_heading.default\">\n\t\t\t\t<div class=\"elementor-widget-container\">\n\t\t\t\t\t\n<div id=\"pxl-pxl_heading-162da18-1232\" class=\"pxl-heading px-sub-title-default-style \">\n\t<div class=\"pxl-heading--inner\">\n\t\t\n\t\t<h2 class=\"pxl-item--title style-default  highlight-default pxl-split-text split-up\" data-wow-delay=\"ms\">\n\t\t\t\t\tAngaben gem\u00e4\u00df \u00a7 5 TMG\t\n\t\t\t\n\t\t<\/h2>\n\t\t\n\t<\/div>\n<\/div>\t\t\t\t<\/div>\n\t\t\t\t<\/div>\n\t\t\t\t<div class=\"elementor-element elementor-element-afe2b78 elementor-widget elementor-widget-pxl_text_editor\" data-id=\"afe2b78\" data-element_type=\"widget\" data-widget_type=\"pxl_text_editor.default\">\n\t\t\t\t<div class=\"elementor-widget-container\">\n\t\t\t\t\t<div class=\"pxl-text-editor default\">\n\t<div class=\"pxl-item--inner  \" data-wow-delay=\"ms\">\n\t\t<h4 data-start=\"349\" data-end=\"378\"><strong data-start=\"352\" data-end=\"376\">Kontaktinformationen<\/strong><\/h4><p data-start=\"379\" data-end=\"463\"><strong data-start=\"379\" data-end=\"397\">ALES Solutions<\/strong><br data-start=\"397\" data-end=\"400\" \/>Vlierweg 12<br \/>1032 LG te Amsterdam<br data-start=\"447\" data-end=\"450\" \/><strong data-start=\"450\" data-end=\"463\">Niederlande<\/strong><\/p><p data-start=\"465\" data-end=\"564\"><strong data-start=\"465\" data-end=\"477\">Telefon:<\/strong> +31 20 210 14 43<br data-start=\"485\" data-end=\"488\" \/><strong data-start=\"488\" data-end=\"499\">E-Mail:<\/strong> <a class=\"decorated-link cursor-pointer\" rel=\"noopener\" data-start=\"500\" data-end=\"521\">info@alessolutions.nl<\/a><br data-start=\"521\" data-end=\"524\" \/><strong data-start=\"524\" data-end=\"537\">Webseite:<\/strong> <a class=\"decorated-link\" href=\"https:\/\/alessolutions.nl\" target=\"_new\" rel=\"noopener\" data-start=\"538\" data-end=\"562\">https:\/\/alessolutions.nl<\/a><\/p><h4 data-start=\"643\" data-end=\"667\"><strong data-start=\"646\" data-end=\"665\">Registereintrag<\/strong><\/h4><p data-start=\"668\" data-end=\"777\">Eingetragen bei der niederl\u00e4ndischen Handelskammer (Kamer van Koophandel)<br data-start=\"741\" data-end=\"744\" \/><strong data-start=\"744\" data-end=\"759\">KvK-Nummer:<\/strong> 88109070<\/p><h4 data-start=\"784\" data-end=\"827\"><strong data-start=\"787\" data-end=\"825\">Umsatzsteuer-Identifikationsnummer<\/strong><\/h4><p data-start=\"828\" data-end=\"923\">Umsatzsteuer-Identifikationsnummer gem\u00e4\u00df \u00a727a Umsatzsteuergesetz:<br data-start=\"893\" data-end=\"896\" \/><strong data-start=\"896\" data-end=\"923\">NL004543066B16<\/strong><\/p><h4 data-start=\"930\" data-end=\"968\"><strong data-start=\"933\" data-end=\"968\">Haftungsausschluss (Disclaimer)<\/strong><\/h4><p data-start=\"970\" data-end=\"1185\"><strong data-start=\"970\" data-end=\"993\">Haftung f\u00fcr Inhalte<\/strong><br data-start=\"993\" data-end=\"996\" \/>Als Diensteanbieter sind wir gem\u00e4\u00df \u00a7 7 Abs.1 TMG f\u00fcr eigene Inhalte auf diesen Seiten verantwortlich. F\u00fcr die Richtigkeit, Vollst\u00e4ndigkeit und Aktualit\u00e4t \u00fcbernehmen wir jedoch keine Gew\u00e4hr.<\/p><p data-start=\"1187\" data-end=\"1467\"><strong data-start=\"1187\" data-end=\"1208\">Haftung f\u00fcr Links<\/strong><br data-start=\"1208\" data-end=\"1211\" \/>Unsere Website enth\u00e4lt Links zu externen Websites Dritter, auf deren Inhalte wir keinen Einfluss haben. Deshalb k\u00f6nnen wir f\u00fcr diese fremden Inhalte keine Gew\u00e4hr \u00fcbernehmen. F\u00fcr Inhalte der verlinkten Seiten ist stets der jeweilige Anbieter verantwortlich.<\/p><hr data-start=\"1469\" data-end=\"1472\" \/><h4 data-start=\"1474\" data-end=\"1495\"><strong data-start=\"1477\" data-end=\"1493\">Urheberrecht<\/strong><\/h4><p data-start=\"1496\" data-end=\"1725\">Die auf dieser Website erstellten Inhalte und Werke unterliegen dem Urheberrecht. Jede Vervielf\u00e4ltigung, Bearbeitung oder Verbreitung au\u00dferhalb der Grenzen des Urheberrechts bedarf der schriftlichen Zustimmung von ALES Solutions.<\/p><hr data-start=\"1727\" data-end=\"1730\" \/><h4 data-start=\"1732\" data-end=\"1758\"><strong data-start=\"1735\" data-end=\"1756\">Streitschlichtung<\/strong><\/h4><p data-start=\"1759\" data-end=\"1882\">Wir sind nicht verpflichtet oder bereit, an Streitbeilegungsverfahren vor einer Verbraucherschlichtungsstelle teilzunehmen.<\/p>\t\t\n\t<\/div>\n<\/div>\t\t\t\t<\/div>\n\t\t\t\t<\/div>\n\t\t\t\t<\/div>\n\t\t\t\t\t<\/div>\n\t\t\t\t<\/div>\n\t\t\t\t<\/div>\n\t\t","protected":false},"excerpt":{"rendered":"<p>Angaben gem\u00e4\u00df \u00a7 5 TMG Kontaktinformationen ALES SolutionsVlierweg 121032 LG te AmsterdamNiederlande Telefon: +31 20 210 14 43E-Mail: info@alessolutions.nlWebseite: https:\/\/alessolutions.nl Registereintrag Eingetragen bei der niederl\u00e4ndischen Handelskammer (Kamer van Koophandel)KvK-Nummer: 88109070 Umsatzsteuer-Identifikationsnummer Umsatzsteuer-Identifikationsnummer gem\u00e4\u00df \u00a727a Umsatzsteuergesetz:NL004543066B16 Haftungsausschluss (Disclaimer) Haftung f\u00fcr InhalteAls Diensteanbieter sind wir gem\u00e4\u00df \u00a7 7 Abs.1 TMG f\u00fcr eigene Inhalte auf diesen Seiten verantwortlich. [&hellip;]<\/p>\n","protected":false},"author":1,"featured_media":0,"parent":0,"menu_order":0,"comment_status":"closed","ping_status":"closed","template":"","meta":{"footnotes":""},"class_list":["post-9510","page","type-page","status-publish","hentry"],"_links":{"self":[{"href":"https:\/\/alessolutions.nl\/de\/wp-json\/wp\/v2\/pages\/9510","targetHints":{"allow":["GET"]}}],"collection":[{"href":"https:\/\/alessolutions.nl\/de\/wp-json\/wp\/v2\/pages"}],"about":[{"href":"https:\/\/alessolutions.nl\/de\/wp-json\/wp\/v2\/types\/page"}],"author":[{"embeddable":true,"href":"https:\/\/alessolutions.nl\/de\/wp-json\/wp\/v2\/users\/1"}],"replies":[{"embeddable":true,"href":"https:\/\/alessolutions.nl\/de\/wp-json\/wp\/v2\/comments?post=9510"}],"version-history":[{"count":8,"href":"https:\/\/alessolutions.nl\/de\/wp-json\/wp\/v2\/pages\/9510\/revisions"}],"predecessor-version":[{"id":9521,"href":"https:\/\/alessolutions.nl\/de\/wp-json\/wp\/v2\/pages\/9510\/revisions\/9521"}],"wp:attachment":[{"href":"https:\/\/alessolutions.nl\/de\/wp-json\/wp\/v2\/media?parent=9510"}],"curies":[{"name":"wp","href":"https:\/\/api.w.org\/{rel}","templated":true}]}}